{"id":203,"date":"2017-06-19T03:16:27","date_gmt":"2017-06-19T03:16:27","guid":{"rendered":"http:\/\/brandexponents.com\/oshin\/v30\/?page_id=203"},"modified":"2022-07-17T11:19:39","modified_gmt":"2022-07-17T11:19:39","slug":"contact","status":"publish","type":"page","link":"https:\/\/cmrecords.ru\/tr\/contact\/","title":{"rendered":"CONTACT US"},"content":{"rendered":"<div  class=\"tatsu-fqp2kudbp3f8i4uw tatsu-section    tatsu-clearfix\" data-title=\"\"  data-headerscheme=\"background--dark\"><div class='tatsu-section-pad clearfix' data-padding='{\"d\":\"50px 0px 35px 0px\"}' data-padding-top='50px'><div class=\"tatsu-row-wrap  tatsu-wrap tatsu-row-has-one-half tatsu-row-has-two-cols tatsu-large-gutter tatsu-eq-cols  tatsu-clearfix tatsu-fqp2kudbpv14w12v\" ><div  class=\"tatsu-row\" ><div  class=\"tatsu-column  tatsu-column-empty tatsu-one-half tatsu-column-align-top tatsu-column-image-none tatsu-column-effect-none  tatsu-fqp2kudbq8anwyaw\"  data-parallax-speed=\"0\" style=\"\"><div class=\"tatsu-column-inner\" ><div class=\"tatsu-column-pad-wrap\"><div class=\"tatsu-column-pad\" ><\/div><\/div><div class = \"tatsu-column-bg-image-wrap\"><div class = \"tatsu-column-bg-image\" ><\/div><\/div><\/div><style>.tatsu-row > .tatsu-fqp2kudbq8anwyaw.tatsu-column{width: 50%;}.tatsu-fqp2kudbq8anwyaw.tatsu-column > .tatsu-column-inner > .tatsu-column-bg-image-wrap > .tatsu-column-bg-image{background-image: url(https:\/\/cmrecords.ru\/wp-content\/uploads\/2020\/05\/Contacts_webBW01.jpg);background-repeat: no-repeat;background-attachment: scroll;background-position: center center;background-size: cover;}.tatsu-fqp2kudbq8anwyaw.tatsu-column > .tatsu-column-inner > .tatsu-bg-blur{background-repeat: no-repeat;background-attachment: scroll;background-position: center center;background-size: cover;}.tatsu-fqp2kudbq8anwyaw.tatsu-column > .tatsu-column-inner > .tatsu-column-overlay{mix-blend-mode: none;}.tatsu-fqp2kudbq8anwyaw > .tatsu-column-inner > .tatsu-top-divider{z-index: 9999;}.tatsu-fqp2kudbq8anwyaw > .tatsu-column-inner > .tatsu-bottom-divider{z-index: 9999;}.tatsu-fqp2kudbq8anwyaw > .tatsu-column-inner > .tatsu-left-divider{z-index: 9999;}.tatsu-fqp2kudbq8anwyaw > .tatsu-column-inner > .tatsu-right-divider{z-index: 9999;}@media only screen and (max-width: 767px) {.tatsu-row > .tatsu-fqp2kudbq8anwyaw.tatsu-column{width: 100%;}}<\/style><\/div><div  class=\"tatsu-column  tatsu-column-no-bg tatsu-one-half tatsu-column-align-middle tatsu-column-image-none tatsu-column-effect-none  tatsu-fqp2kudbug6drs88\"  data-parallax-speed=\"0\" style=\"\"><div class=\"tatsu-column-inner\" ><div class=\"tatsu-column-pad-wrap\"><div class=\"tatsu-column-pad\" ><div  class = \"oshine-module special-heading-wrap  tatsu-fqp2kudbv3n5sjz style6 tatsu-animate\" data-animation=\"fadeIn\"  ><style>.tatsu-fqp2kudbv3n5sjz.special-heading-wrap.style6{font-size: 14px;margin: 0px 0px 20px 0px;text-align: left;}.tatsu-fqp2kudbv3n5sjz.special-heading-wrap.style6 .be-title{letter-spacing: 2px;}.tatsu-fqp2kudbv3n5sjz.special-heading-wrap.style6 .be-border {background: rgba(208,2,27,1);}<\/style><div class = \"special-heading-inner-wrap be-border-style2 be-expand\" ><div class = \"be-border\" ><\/div><h6 class = \"be-title\">B\u0130R PROJEN\u0130Z M\u0130 VAR?<\/h6><\/div><\/div><div  class=\"tatsu-module tatsu-inline-text clearfix tatsu-fqp2kudbxub3l6qk   tatsu-animate\" data-animation=\"fadeIn\"  ><style>.tatsu-fqp2kudbxub3l6qk .tatsu-inline-text-inner{width: 100%;text-align: left;}.tatsu-fqp2kudbxub3l6qk.tatsu-inline-text{margin: 0px 0px 20px 0px ;}<\/style><div class=\"tatsu-inline-text-inner tatsu-align-center\">\n<h2>Haydi birlikte \u00c7al\u0131\u015fal\u0131m<\/h2>\n<\/div><\/div><div  class=\"tatsu-module tatsu-inline-text clearfix tatsu-fqp2kudc0fajf623   tatsu-animate\" data-animation=\"fadeIn\"  ><style>.tatsu-fqp2kudc0fajf623 .tatsu-inline-text-inner{width: 100%;text-align: left;}<\/style><div class=\"tatsu-inline-text-inner tatsu-align-center\">\n<p>\u015eirketinizi m\u00fc\u015fteri listemizde g\u00f6rmekten memnuniyet duyar\u0131z. B\u00fcy\u00fck ya da k\u00fc\u00e7\u00fck oldun, bir sonraki projeniz hakk\u0131nda g\u00f6r\u00fc\u015fmek i\u00e7in hemen bizi aray\u0131n veya talebinizi k\u0131saca yaz\u0131n!<\/p>\n<\/div><\/div><div class=\"tatsu-row-wrap  tatsu-row-has-one-half tatsu-row-has-two-cols tatsu-medium-gutter tatsu-reg-cols tatsu-inner-row-wrap  tatsu-clearfix tatsu-C3J8-3F9Z-\" ><div  class=\"tatsu-row\" ><div  class=\"tatsu-column  tatsu-bg-overlay tatsu-one-half tatsu-column-image- tatsu-column-effect-  tatsu-bYGphF59V\"  data-parallax-speed=\"0\" style=\"\"><div class=\"tatsu-column-inner\" ><div class=\"tatsu-column-pad-wrap\"><div class=\"tatsu-column-pad\" ><div  class=\"tatsu-module tatsu-text-block-wrap tatsu-08cdRpyIq\"><div class=\"tatsu-text-inner tatsu-align-center tatsu-animate clearfix\" data-animation=\"fadeIn\"  ><style>.tatsu-08cdRpyIq.tatsu-text-block-wrap .tatsu-text-inner{width: 100%;text-align: left;}<\/style>\n<h5>E-posta<\/h5>\n<p><a class = \"be-animated-anchor be-style7\" href = \"mailto:info@cmrecords.ru\" style = \"color:inherit;\" data-hover-color = \"#fff\" data-color = \"inherit\" data-border-color = \"#fff\" ><span class = \"be-anchor-overlay\"style = \"background:#fff;\"><\/span>info@cmrecords.ru<\/a><br \/>\n<\/div><\/div><\/div><\/div><div class = \"tatsu-column-bg-image-wrap\"><div class = \"tatsu-column-bg-image\" ><\/div><\/div><div class=\"tatsu-overlay tatsu-column-overlay tatsu-animate-none\" ><\/div><\/div><style>.tatsu-row > .tatsu-bYGphF59V.tatsu-column{width: 50%;}.tatsu-bYGphF59V.tatsu-column > .tatsu-column-inner > .tatsu-column-overlay{mix-blend-mode: normal;}.tatsu-bYGphF59V > .tatsu-column-inner > .tatsu-top-divider{z-index: 9999;}.tatsu-bYGphF59V > .tatsu-column-inner > .tatsu-bottom-divider{z-index: 9999;}.tatsu-bYGphF59V > .tatsu-column-inner > .tatsu-left-divider{z-index: 9999;}.tatsu-bYGphF59V > .tatsu-column-inner > .tatsu-right-divider{z-index: 9999;}@media only screen and (max-width:1377px) {.tatsu-row > .tatsu-bYGphF59V.tatsu-column{width: 50%;}}@media only screen and (min-width:768px) and (max-width: 1024px) {.tatsu-row > .tatsu-bYGphF59V.tatsu-column{width: 50%;}}@media only screen and (max-width: 767px) {.tatsu-row > .tatsu-bYGphF59V.tatsu-column{width: 100%;}}<\/style><\/div><div  class=\"tatsu-column  tatsu-bg-overlay tatsu-one-half tatsu-column-image- tatsu-column-effect-  tatsu-g8bMRcwvrq\"  data-parallax-speed=\"0\" style=\"\"><div class=\"tatsu-column-inner\" ><div class=\"tatsu-column-pad-wrap\"><div class=\"tatsu-column-pad\" ><div  class=\"tatsu-module tatsu-text-block-wrap tatsu-fqp2kudc2zrjx6k\"><div class=\"tatsu-text-inner tatsu-align-center tatsu-animate clearfix\" data-animation=\"fadeIn\"  ><style>.tatsu-fqp2kudc2zrjx6k.tatsu-text-block-wrap .tatsu-text-inner{width: 100%;text-align: left;}<\/style>\n<h5>Telefon<\/h5>\n<p><a class = \"be-animated-anchor be-style7\" href = \"tel:+7 915 40-7766-9\" style = \"color:inherit;\" data-hover-color = \"#fff\" data-color = \"inherit\" data-border-color = \"#fff\" ><span class = \"be-anchor-overlay\"style = \"background:#fff;\"><\/span>+7 915 40-7766-9<\/a><br \/>\n<\/div><\/div><\/div><\/div><div class = \"tatsu-column-bg-image-wrap\"><div class = \"tatsu-column-bg-image\" ><\/div><\/div><div class=\"tatsu-overlay tatsu-column-overlay tatsu-animate-none\" ><\/div><\/div><style>.tatsu-row > .tatsu-g8bMRcwvrq.tatsu-column{width: 50%;}.tatsu-g8bMRcwvrq.tatsu-column > .tatsu-column-inner > .tatsu-column-overlay{mix-blend-mode: normal;}.tatsu-g8bMRcwvrq > .tatsu-column-inner > .tatsu-top-divider{z-index: 9999;}.tatsu-g8bMRcwvrq > .tatsu-column-inner > .tatsu-bottom-divider{z-index: 9999;}.tatsu-g8bMRcwvrq > .tatsu-column-inner > .tatsu-left-divider{z-index: 9999;}.tatsu-g8bMRcwvrq > .tatsu-column-inner > .tatsu-right-divider{z-index: 9999;}@media only screen and (max-width:1377px) {.tatsu-row > .tatsu-g8bMRcwvrq.tatsu-column{width: 50%;}}@media only screen and (min-width:768px) and (max-width: 1024px) {.tatsu-row > .tatsu-g8bMRcwvrq.tatsu-column{width: 50%;}}@media only screen and (max-width: 767px) {.tatsu-row > .tatsu-g8bMRcwvrq.tatsu-column{width: 100%;}}<\/style><\/div><\/div><\/div><div  class=\"contact_form contact_form_module oshine-module style2 style2-input tatsu-fqp2kudc6y9ohy83\"  data-consent-error = \"Please check the consent box, in order for us to process this form\">\r\n\t\t\t\t\t\t<form method=\"post\" class=\"contact\" action=\"\">\r\n\t\t\t\t\t\t\t<fieldset class=\"field_name contact_fieldset\">\r\n\t\t\t\t\t\t\t\t<input type=\"text\" name=\"contact_name\" class=\"txt autoclear\" placeholder=\"Name\" style=\"border-width:1px\" \/>\r\n\t\t\t\t\t\t\t<\/fieldset>\r\n\t\t\t\t\t\t\t<fieldset class=\"field_email contact_fieldset\">\r\n\t\t\t\t\t\t\t\t<input type=\"text\" name=\"contact_email\" class=\"txt autoclear\" placeholder=\"E-posta\" style=\"border-width:1px\" \/>\r\n\t\t\t\t\t\t\t<\/fieldset><fieldset class=\"field_comment contact_fieldset\">\r\n\t\t\t\t\t\t\t\t<textarea name=\"contact_comment\" class=\"txt_area autoclear\" placeholder=\"Message\" style=\"border-width:1px\" ><\/textarea>\r\n\t\t\t\t\t\t\t<\/fieldset><fieldset class=\"contact_fieldset submit-fieldset\">\r\n\t\t\t\t\t\t\t\t<input type = \"hidden\" name = \"contact_style\" value = \"style2\"\/> \r\n\t\t\t\t\t\t\t\t<input type=\"hidden\" name=\"oshine_nonce\" value=\"a40b6a963d\" \/>\r\n\t\t\t\t\t\t\t\t<input type=\"submit\" name=\"contact_submit\" value=\"Submit\" class=\"contact_submit tatsu-button rounded blockbtn\" \/>\r\n\t\t\t\t\t\t\t\t<div class=\"contact_loader\"><div class=\"font-icon loader-style4-wrap loader-icon\"><\/div><\/div>\r\n\t\t\t\t\t\t\t<\/fieldset><div class=\"contact_status tatsu-notification\"><\/div>\r\n\t\t\t\t\t\t<input type=\"hidden\" name=\"trp-form-language\" value=\"tr\"\/><\/form><style>.tatsu-fqp2kudc6y9ohy83 input[type=\"text\"], .tatsu-fqp2kudc6y9ohy83 textarea{background-color: transparent;color: rgba(180,180,180,1) ;border-color: rgba(122,122,122,0.4); }.tatsu-fqp2kudc6y9ohy83 .contact_submit{color: rgba(255,255,255,1) ;}<\/style>\r\n\t\t\t\t\t<\/div><\/div><\/div><div class = \"tatsu-column-bg-image-wrap\"><div class = \"tatsu-column-bg-image\" ><\/div><\/div><\/div><style>.tatsu-row > .tatsu-fqp2kudbug6drs88.tatsu-column{width: 50%;}.tatsu-fqp2kudbug6drs88.tatsu-column > .tatsu-column-inner > .tatsu-column-pad-wrap > .tatsu-column-pad{padding: 30px 0px 0px 0px;}.tatsu-fqp2kudbug6drs88.tatsu-column > .tatsu-column-inner > .tatsu-column-overlay{mix-blend-mode: none;}.tatsu-fqp2kudbug6drs88 > .tatsu-column-inner > .tatsu-top-divider{z-index: 9999;}.tatsu-fqp2kudbug6drs88 > .tatsu-column-inner > .tatsu-bottom-divider{z-index: 9999;}.tatsu-fqp2kudbug6drs88 > .tatsu-column-inner > .tatsu-left-divider{z-index: 9999;}.tatsu-fqp2kudbug6drs88 > .tatsu-column-inner > .tatsu-right-divider{z-index: 9999;}@media only screen and (max-width: 767px) {.tatsu-row > .tatsu-fqp2kudbug6drs88.tatsu-column{width: 100%;}}<\/style><\/div><\/div><\/div><\/div><div class=\"tatsu-section-background-wrap\"><div class = \"tatsu-section-background\" ><\/div><\/div><style>.tatsu-fqp2kudbp3f8i4uw .tatsu-section-pad{padding: 50px 0px 35px 0px;}.tatsu-fqp2kudbp3f8i4uw > .tatsu-bottom-divider{z-index: 9999;}.tatsu-fqp2kudbp3f8i4uw > .tatsu-top-divider{z-index: 9999;}<\/style><\/div>","protected":false},"excerpt":{"rendered":"<p><a href=\"https:\/\/cmrecords.ru\/tr\/contact\/\" class=\"more-link style1-button\">Read More<\/a><\/p>","protected":false},"author":1,"featured_media":0,"parent":0,"menu_order":0,"comment_status":"closed","ping_status":"closed","template":"","meta":{"inline_featured_image":false,"footnotes":""},"acf":[],"_links":{"self":[{"href":"https:\/\/cmrecords.ru\/tr\/wp-json\/wp\/v2\/pages\/203"}],"collection":[{"href":"https:\/\/cmrecords.ru\/tr\/wp-json\/wp\/v2\/pages"}],"about":[{"href":"https:\/\/cmrecords.ru\/tr\/wp-json\/wp\/v2\/types\/page"}],"author":[{"embeddable":true,"href":"https:\/\/cmrecords.ru\/tr\/wp-json\/wp\/v2\/users\/1"}],"replies":[{"embeddable":true,"href":"https:\/\/cmrecords.ru\/tr\/wp-json\/wp\/v2\/comments?post=203"}],"version-history":[{"count":42,"href":"https:\/\/cmrecords.ru\/tr\/wp-json\/wp\/v2\/pages\/203\/revisions"}],"predecessor-version":[{"id":5827,"href":"https:\/\/cmrecords.ru\/tr\/wp-json\/wp\/v2\/pages\/203\/revisions\/5827"}],"wp:attachment":[{"href":"https:\/\/cmrecords.ru\/tr\/wp-json\/wp\/v2\/media?parent=203"}],"curies":[{"name":"wp","href":"https:\/\/api.w.org\/{rel}","templated":true}]}}